{"id":46,"date":"2019-05-07T20:45:53","date_gmt":"2019-05-07T18:45:53","guid":{"rendered":"http:\/\/restaurant-lecluse.fr\/?page_id=46"},"modified":"2026-04-10T12:14:28","modified_gmt":"2026-04-10T10:14:28","slug":"les-pizzas","status":"publish","type":"page","link":"https:\/\/restaurant-lecluse.fr\/index.php\/les-pizzas\/","title":{"rendered":"LES PIZZAS"},"content":{"rendered":"\n<p style=\"font-size:16px\"><br>Les pizzas reviennent rapidement au restaurant l&rsquo;Ecluse, notre carte habituelle est disponible.<br><br><strong><mark style=\"background-color:rgba(0, 0, 0, 0)\" class=\"has-inline-color has-pale-cyan-blue-color\"> <\/mark><\/strong><\/p>\n\n\n\n<hr class=\"wp-block-separator has-css-opacity is-style-dots\"\/>\n\n\n\n<figure class=\"wp-block-image size-full\"><img loading=\"lazy\" decoding=\"async\" width=\"1024\" height=\"1365\" src=\"https:\/\/restaurant-lecluse.fr\/wp-content\/uploads\/2026\/04\/81FDE0AA-0AD2-4E55-8B56-0F469DA7F467-2.jpg\" alt=\"\" class=\"wp-image-2614\" srcset=\"https:\/\/restaurant-lecluse.fr\/wp-content\/uploads\/2026\/04\/81FDE0AA-0AD2-4E55-8B56-0F469DA7F467-2.jpg 1024w, https:\/\/restaurant-lecluse.fr\/wp-content\/uploads\/2026\/04\/81FDE0AA-0AD2-4E55-8B56-0F469DA7F467-2-225x300.jpg 225w, https:\/\/restaurant-lecluse.fr\/wp-content\/uploads\/2026\/04\/81FDE0AA-0AD2-4E55-8B56-0F469DA7F467-2-768x1024.jpg 768w\" sizes=\"auto, (max-width: 1024px) 100vw, 1024px\" \/><figcaption class=\"wp-element-caption\">Screenshot<\/figcaption><\/figure>\n\n\n\n<p><\/p>\n\n\n\n<p><\/p>\n\n\n\n<p><\/p>\n\n\n\n<p><\/p>\n\n\n\n<figure class=\"wp-block-image size-large\"><img loading=\"lazy\" decoding=\"async\" width=\"768\" height=\"1024\" src=\"https:\/\/restaurant-lecluse.fr\/wp-content\/uploads\/2025\/02\/IMG_2218-768x1024.jpeg\" alt=\"\" class=\"wp-image-2401\" srcset=\"https:\/\/restaurant-lecluse.fr\/wp-content\/uploads\/2025\/02\/IMG_2218-768x1024.jpeg 768w, https:\/\/restaurant-lecluse.fr\/wp-content\/uploads\/2025\/02\/IMG_2218-225x300.jpeg 225w, https:\/\/restaurant-lecluse.fr\/wp-content\/uploads\/2025\/02\/IMG_2218-1152x1536.jpeg 1152w, https:\/\/restaurant-lecluse.fr\/wp-content\/uploads\/2025\/02\/IMG_2218-1536x2048.jpeg 1536w, https:\/\/restaurant-lecluse.fr\/wp-content\/uploads\/2025\/02\/IMG_2218-scaled.jpeg 1920w\" sizes=\"auto, (max-width: 768px) 100vw, 768px\" \/><\/figure>\n","protected":false},"excerpt":{"rendered":"<p>Les pizzas reviennent rapidement au restaurant l&rsquo;Ecluse, notre carte habituelle est disponible.<\/p>\n","protected":false},"author":1,"featured_media":0,"parent":0,"menu_order":0,"comment_status":"closed","ping_status":"closed","template":"","meta":{"footnotes":""},"class_list":["post-46","page","type-page","status-publish","hentry"],"yoast_head":"<!-- This site is optimized with the Yoast SEO plugin v22.9 - https:\/\/yoast.com\/wordpress\/plugins\/seo\/ -->\n<title>LES PIZZAS - Restaurant l&#039;Ecluse<\/title>\n<meta name=\"description\" content=\"Nous vous proposons une selection de pizzas faites maison \u00e0 d\u00e9guster sur place ou \u00e0 emporter ! N&#039;attendez plus pour les essayer !\" \/>\n<meta name=\"robots\" content=\"index, follow, max-snippet:-1, max-image-preview:large, max-video-preview:-1\" \/>\n<link rel=\"canonical\" href=\"https:\/\/restaurant-lecluse.fr\/index.php\/les-pizzas\/\" \/>\n<meta property=\"og:locale\" content=\"fr_FR\" \/>\n<meta property=\"og:type\" content=\"article\" \/>\n<meta property=\"og:title\" content=\"LES PIZZAS - Restaurant l&#039;Ecluse\" \/>\n<meta property=\"og:description\" content=\"Nous vous proposons une selection de pizzas faites maison \u00e0 d\u00e9guster sur place ou \u00e0 emporter ! N&#039;attendez plus pour les essayer !\" \/>\n<meta property=\"og:url\" content=\"https:\/\/restaurant-lecluse.fr\/index.php\/les-pizzas\/\" \/>\n<meta property=\"og:site_name\" content=\"Restaurant l&#039;Ecluse\" \/>\n<meta property=\"article:modified_time\" content=\"2026-04-10T10:14:28+00:00\" \/>\n<meta property=\"og:image\" content=\"https:\/\/restaurant-lecluse.fr\/wp-content\/uploads\/2026\/04\/81FDE0AA-0AD2-4E55-8B56-0F469DA7F467-2.jpg\" \/>\n<meta name=\"twitter:card\" content=\"summary_large_image\" \/>\n<meta name=\"twitter:label1\" content=\"Dur\u00e9e de lecture estim\u00e9e\" \/>\n\t<meta name=\"twitter:data1\" content=\"1 minute\" \/>\n<script type=\"application\/ld+json\" class=\"yoast-schema-graph\">{\"@context\":\"https:\/\/schema.org\",\"@graph\":[{\"@type\":\"WebPage\",\"@id\":\"https:\/\/restaurant-lecluse.fr\/index.php\/les-pizzas\/\",\"url\":\"https:\/\/restaurant-lecluse.fr\/index.php\/les-pizzas\/\",\"name\":\"LES PIZZAS - Restaurant l&#039;Ecluse\",\"isPartOf\":{\"@id\":\"https:\/\/restaurant-lecluse.fr\/#website\"},\"primaryImageOfPage\":{\"@id\":\"https:\/\/restaurant-lecluse.fr\/index.php\/les-pizzas\/#primaryimage\"},\"image\":{\"@id\":\"https:\/\/restaurant-lecluse.fr\/index.php\/les-pizzas\/#primaryimage\"},\"thumbnailUrl\":\"https:\/\/restaurant-lecluse.fr\/wp-content\/uploads\/2026\/04\/81FDE0AA-0AD2-4E55-8B56-0F469DA7F467-2.jpg\",\"datePublished\":\"2019-05-07T18:45:53+00:00\",\"dateModified\":\"2026-04-10T10:14:28+00:00\",\"description\":\"Nous vous proposons une selection de pizzas faites maison \u00e0 d\u00e9guster sur place ou \u00e0 emporter ! N'attendez plus pour les essayer !\",\"breadcrumb\":{\"@id\":\"https:\/\/restaurant-lecluse.fr\/index.php\/les-pizzas\/#breadcrumb\"},\"inLanguage\":\"fr-FR\",\"potentialAction\":[{\"@type\":\"ReadAction\",\"target\":[\"https:\/\/restaurant-lecluse.fr\/index.php\/les-pizzas\/\"]}]},{\"@type\":\"ImageObject\",\"inLanguage\":\"fr-FR\",\"@id\":\"https:\/\/restaurant-lecluse.fr\/index.php\/les-pizzas\/#primaryimage\",\"url\":\"https:\/\/restaurant-lecluse.fr\/wp-content\/uploads\/2026\/04\/81FDE0AA-0AD2-4E55-8B56-0F469DA7F467-2.jpg\",\"contentUrl\":\"https:\/\/restaurant-lecluse.fr\/wp-content\/uploads\/2026\/04\/81FDE0AA-0AD2-4E55-8B56-0F469DA7F467-2.jpg\",\"width\":1024,\"height\":1365},{\"@type\":\"BreadcrumbList\",\"@id\":\"https:\/\/restaurant-lecluse.fr\/index.php\/les-pizzas\/#breadcrumb\",\"itemListElement\":[{\"@type\":\"ListItem\",\"position\":1,\"name\":\"Accueil\",\"item\":\"https:\/\/restaurant-lecluse.fr\/\"},{\"@type\":\"ListItem\",\"position\":2,\"name\":\"LES PIZZAS\"}]},{\"@type\":\"WebSite\",\"@id\":\"https:\/\/restaurant-lecluse.fr\/#website\",\"url\":\"https:\/\/restaurant-lecluse.fr\/\",\"name\":\"Restaurant l&#039;Ecluse\",\"description\":\"Base de loisirs, Chanaz\",\"publisher\":{\"@id\":\"https:\/\/restaurant-lecluse.fr\/#organization\"},\"potentialAction\":[{\"@type\":\"SearchAction\",\"target\":{\"@type\":\"EntryPoint\",\"urlTemplate\":\"https:\/\/restaurant-lecluse.fr\/?s={search_term_string}\"},\"query-input\":\"required name=search_term_string\"}],\"inLanguage\":\"fr-FR\"},{\"@type\":\"Organization\",\"@id\":\"https:\/\/restaurant-lecluse.fr\/#organization\",\"name\":\"Restaurant l&#039;Ecluse\",\"url\":\"https:\/\/restaurant-lecluse.fr\/\",\"logo\":{\"@type\":\"ImageObject\",\"inLanguage\":\"fr-FR\",\"@id\":\"https:\/\/restaurant-lecluse.fr\/#\/schema\/logo\/image\/\",\"url\":\"https:\/\/restaurant-lecluse.fr\/wp-content\/uploads\/2023\/06\/cropped-Bar-Restaurant.png\",\"contentUrl\":\"https:\/\/restaurant-lecluse.fr\/wp-content\/uploads\/2023\/06\/cropped-Bar-Restaurant.png\",\"width\":500,\"height\":309,\"caption\":\"Restaurant l&#039;Ecluse\"},\"image\":{\"@id\":\"https:\/\/restaurant-lecluse.fr\/#\/schema\/logo\/image\/\"}}]}<\/script>\n<!-- \/ Yoast SEO plugin. -->","yoast_head_json":{"title":"LES PIZZAS - Restaurant l&#039;Ecluse","description":"Nous vous proposons une selection de pizzas faites maison \u00e0 d\u00e9guster sur place ou \u00e0 emporter ! N'attendez plus pour les essayer !","robots":{"index":"index","follow":"follow","max-snippet":"max-snippet:-1","max-image-preview":"max-image-preview:large","max-video-preview":"max-video-preview:-1"},"canonical":"https:\/\/restaurant-lecluse.fr\/index.php\/les-pizzas\/","og_locale":"fr_FR","og_type":"article","og_title":"LES PIZZAS - Restaurant l&#039;Ecluse","og_description":"Nous vous proposons une selection de pizzas faites maison \u00e0 d\u00e9guster sur place ou \u00e0 emporter ! N'attendez plus pour les essayer !","og_url":"https:\/\/restaurant-lecluse.fr\/index.php\/les-pizzas\/","og_site_name":"Restaurant l&#039;Ecluse","article_modified_time":"2026-04-10T10:14:28+00:00","og_image":[{"url":"https:\/\/restaurant-lecluse.fr\/wp-content\/uploads\/2026\/04\/81FDE0AA-0AD2-4E55-8B56-0F469DA7F467-2.jpg"}],"twitter_card":"summary_large_image","twitter_misc":{"Dur\u00e9e de lecture estim\u00e9e":"1 minute"},"schema":{"@context":"https:\/\/schema.org","@graph":[{"@type":"WebPage","@id":"https:\/\/restaurant-lecluse.fr\/index.php\/les-pizzas\/","url":"https:\/\/restaurant-lecluse.fr\/index.php\/les-pizzas\/","name":"LES PIZZAS - Restaurant l&#039;Ecluse","isPartOf":{"@id":"https:\/\/restaurant-lecluse.fr\/#website"},"primaryImageOfPage":{"@id":"https:\/\/restaurant-lecluse.fr\/index.php\/les-pizzas\/#primaryimage"},"image":{"@id":"https:\/\/restaurant-lecluse.fr\/index.php\/les-pizzas\/#primaryimage"},"thumbnailUrl":"https:\/\/restaurant-lecluse.fr\/wp-content\/uploads\/2026\/04\/81FDE0AA-0AD2-4E55-8B56-0F469DA7F467-2.jpg","datePublished":"2019-05-07T18:45:53+00:00","dateModified":"2026-04-10T10:14:28+00:00","description":"Nous vous proposons une selection de pizzas faites maison \u00e0 d\u00e9guster sur place ou \u00e0 emporter ! N'attendez plus pour les essayer !","breadcrumb":{"@id":"https:\/\/restaurant-lecluse.fr\/index.php\/les-pizzas\/#breadcrumb"},"inLanguage":"fr-FR","potentialAction":[{"@type":"ReadAction","target":["https:\/\/restaurant-lecluse.fr\/index.php\/les-pizzas\/"]}]},{"@type":"ImageObject","inLanguage":"fr-FR","@id":"https:\/\/restaurant-lecluse.fr\/index.php\/les-pizzas\/#primaryimage","url":"https:\/\/restaurant-lecluse.fr\/wp-content\/uploads\/2026\/04\/81FDE0AA-0AD2-4E55-8B56-0F469DA7F467-2.jpg","contentUrl":"https:\/\/restaurant-lecluse.fr\/wp-content\/uploads\/2026\/04\/81FDE0AA-0AD2-4E55-8B56-0F469DA7F467-2.jpg","width":1024,"height":1365},{"@type":"BreadcrumbList","@id":"https:\/\/restaurant-lecluse.fr\/index.php\/les-pizzas\/#breadcrumb","itemListElement":[{"@type":"ListItem","position":1,"name":"Accueil","item":"https:\/\/restaurant-lecluse.fr\/"},{"@type":"ListItem","position":2,"name":"LES PIZZAS"}]},{"@type":"WebSite","@id":"https:\/\/restaurant-lecluse.fr\/#website","url":"https:\/\/restaurant-lecluse.fr\/","name":"Restaurant l&#039;Ecluse","description":"Base de loisirs, Chanaz","publisher":{"@id":"https:\/\/restaurant-lecluse.fr\/#organization"},"potentialAction":[{"@type":"SearchAction","target":{"@type":"EntryPoint","urlTemplate":"https:\/\/restaurant-lecluse.fr\/?s={search_term_string}"},"query-input":"required name=search_term_string"}],"inLanguage":"fr-FR"},{"@type":"Organization","@id":"https:\/\/restaurant-lecluse.fr\/#organization","name":"Restaurant l&#039;Ecluse","url":"https:\/\/restaurant-lecluse.fr\/","logo":{"@type":"ImageObject","inLanguage":"fr-FR","@id":"https:\/\/restaurant-lecluse.fr\/#\/schema\/logo\/image\/","url":"https:\/\/restaurant-lecluse.fr\/wp-content\/uploads\/2023\/06\/cropped-Bar-Restaurant.png","contentUrl":"https:\/\/restaurant-lecluse.fr\/wp-content\/uploads\/2023\/06\/cropped-Bar-Restaurant.png","width":500,"height":309,"caption":"Restaurant l&#039;Ecluse"},"image":{"@id":"https:\/\/restaurant-lecluse.fr\/#\/schema\/logo\/image\/"}}]}},"_links":{"self":[{"href":"https:\/\/restaurant-lecluse.fr\/index.php\/wp-json\/wp\/v2\/pages\/46","targetHints":{"allow":["GET"]}}],"collection":[{"href":"https:\/\/restaurant-lecluse.fr\/index.php\/wp-json\/wp\/v2\/pages"}],"about":[{"href":"https:\/\/restaurant-lecluse.fr\/index.php\/wp-json\/wp\/v2\/types\/page"}],"author":[{"embeddable":true,"href":"https:\/\/restaurant-lecluse.fr\/index.php\/wp-json\/wp\/v2\/users\/1"}],"replies":[{"embeddable":true,"href":"https:\/\/restaurant-lecluse.fr\/index.php\/wp-json\/wp\/v2\/comments?post=46"}],"version-history":[{"count":25,"href":"https:\/\/restaurant-lecluse.fr\/index.php\/wp-json\/wp\/v2\/pages\/46\/revisions"}],"predecessor-version":[{"id":2616,"href":"https:\/\/restaurant-lecluse.fr\/index.php\/wp-json\/wp\/v2\/pages\/46\/revisions\/2616"}],"wp:attachment":[{"href":"https:\/\/restaurant-lecluse.fr\/index.php\/wp-json\/wp\/v2\/media?parent=46"}],"curies":[{"name":"wp","href":"https:\/\/api.w.org\/{rel}","templated":true}]}}