{"id":48,"date":"2019-05-07T20:45:53","date_gmt":"2019-05-07T18:45:53","guid":{"rendered":"http:\/\/restaurant-lecluse.fr\/?page_id=48"},"modified":"2025-02-01T20:59:04","modified_gmt":"2025-02-01T19:59:04","slug":"groupes-et-privatisation","status":"publish","type":"page","link":"https:\/\/restaurant-lecluse.fr\/index.php\/groupes-et-privatisation\/","title":{"rendered":"GROUPES"},"content":{"rendered":"\n<div class=\"wp-block-columns has-2-columns is-layout-flex wp-container-core-columns-is-layout-9d6595d7 wp-block-columns-is-layout-flex\">\n<div class=\"wp-block-column is-layout-flow wp-block-column-is-layout-flow\">\n<figure class=\"wp-block-image\"><img loading=\"lazy\" decoding=\"async\" width=\"1024\" height=\"682\" src=\"https:\/\/restaurant-lecluse.fr\/wp-content\/uploads\/2020\/02\/Restaurant-lecluse-terasse-groupe-1024x682.jpg\" alt=\"\" class=\"wp-image-385\" srcset=\"https:\/\/restaurant-lecluse.fr\/wp-content\/uploads\/2020\/02\/Restaurant-lecluse-terasse-groupe-1024x682.jpg 1024w, https:\/\/restaurant-lecluse.fr\/wp-content\/uploads\/2020\/02\/Restaurant-lecluse-terasse-groupe-300x200.jpg 300w, https:\/\/restaurant-lecluse.fr\/wp-content\/uploads\/2020\/02\/Restaurant-lecluse-terasse-groupe-768x511.jpg 768w\" sizes=\"auto, (max-width: 1024px) 100vw, 1024px\" \/><\/figure>\n\n\n\n<p><\/p>\n<\/div>\n<\/div>\n\n\n\n<p class=\"has-text-align-center\">Le restaurant peut accueillir des groupes <strong>jusqu&rsquo;\u00e0 100 personnes<\/strong>. <br>Afin d\u2019optimiser le d\u00e9roulement de votre d\u00e9jeuner ou de votre d\u00eener, un choix unique de plats (\u00e0 partir de 20 personnes) pour l\u2019ensemble des convives devra \u00eatre \u00e9tabli au pr\u00e9alable. Il devra nous \u00eatre communiqu\u00e9 au minimum 72h \u00e0 l\u2019avance.<br><br>Pour faire vos demandes de r\u00e9servation et obtenir un menu, merci d&rsquo;\u00e9crire \u00e0 l&rsquo;adresse email : ecluse.restaurant@gmail.com<\/p>\n\n\n\n<p class=\"has-text-align-center\">Le restaurant propose \u00e9galement petit-d\u00e9jeuner et privatisation des lieux en hors-saison.<br><br><br><\/p>\n\n\n\n<figure class=\"wp-block-gallery has-nested-images columns-default is-cropped wp-block-gallery-1 is-layout-flex wp-block-gallery-is-layout-flex\">\n<figure class=\"wp-block-image\"><img decoding=\"async\" data-id=\"347\" src=\"https:\/\/restaurant-lecluse.fr\/wp-content\/uploads\/2019\/10\/bateau-canal-bateaux-1024x683.jpg\" alt=\"\" class=\"wp-image-347\"\/><\/figure>\n<\/figure>\n\n\n\n<h2 class=\"wp-block-heading\">Le Pack Journ\u00e9e avec croisi\u00e8re<\/h2>\n\n\n\n<p class=\"has-text-align-center\"><br>En partenariat avec <strong><a href=\"https:\/\/www.bateaucanal.com\/index.html\">Bateau Canal<\/a><\/strong>, nous vous proposons \u00e9galement un Pack Journ\u00e9e comprenant une croisi\u00e8re comment\u00e9e sur le Canal de Savi\u00e8res et le Nord du Lac du Bourget avec passage de l&rsquo;\u00e9cluse. Cette promenade en bateau est suivi d&rsquo;un repas au restaurant et d&rsquo;une visite du village de Chanaz l&rsquo;apr\u00e8s midi. <br><br><br><\/p>\n\n\n\n<figure class=\"wp-block-gallery aligncenter has-nested-images columns-default is-cropped wp-block-gallery-2 is-layout-flex wp-block-gallery-is-layout-flex\">\n<figure class=\"wp-block-image\"><img decoding=\"async\" data-id=\"351\" src=\"https:\/\/restaurant-lecluse.fr\/wp-content\/uploads\/2019\/10\/bateau-canal-logo-1.png\" alt=\"\" class=\"wp-image-351\"\/><\/figure>\n<\/figure>\n","protected":false},"excerpt":{"rendered":"<p>Le restaurant peut accueillir des groupes jusqu&rsquo;\u00e0 100 personnes. Afin d\u2019optimiser le d\u00e9roulement de votre d\u00e9jeuner ou de votre d\u00eener, un choix unique de plats (\u00e0 partir de 20 personnes) pour l\u2019ensemble des convives devra \u00eatre \u00e9tabli au pr\u00e9alable. Il devra nous \u00eatre communiqu\u00e9 au minimum 72h \u00e0 l\u2019avance. Pour faire vos demandes de r\u00e9servation [&hellip;]<\/p>\n","protected":false},"author":1,"featured_media":0,"parent":0,"menu_order":0,"comment_status":"closed","ping_status":"closed","template":"","meta":{"footnotes":""},"class_list":["post-48","page","type-page","status-publish","hentry"],"yoast_head":"<!-- This site is optimized with the Yoast SEO plugin v22.9 - https:\/\/yoast.com\/wordpress\/plugins\/seo\/ -->\n<title>GROUPES - Restaurant l&#039;Ecluse<\/title>\n<meta name=\"description\" content=\"Le restaurant propose des menus de groupes de 20 \u00e0 100 personnes. Menus personnalis\u00e9s. Privatisations et \u00e9venements.\" \/>\n<meta name=\"robots\" content=\"index, follow, max-snippet:-1, max-image-preview:large, max-video-preview:-1\" \/>\n<link rel=\"canonical\" href=\"https:\/\/restaurant-lecluse.fr\/index.php\/groupes-et-privatisation\/\" \/>\n<meta property=\"og:locale\" content=\"fr_FR\" \/>\n<meta property=\"og:type\" content=\"article\" \/>\n<meta property=\"og:title\" content=\"GROUPES - Restaurant l&#039;Ecluse\" \/>\n<meta property=\"og:description\" content=\"Le restaurant propose des menus de groupes de 20 \u00e0 100 personnes. Menus personnalis\u00e9s. Privatisations et \u00e9venements.\" \/>\n<meta property=\"og:url\" content=\"https:\/\/restaurant-lecluse.fr\/index.php\/groupes-et-privatisation\/\" \/>\n<meta property=\"og:site_name\" content=\"Restaurant l&#039;Ecluse\" \/>\n<meta property=\"article:modified_time\" content=\"2025-02-01T19:59:04+00:00\" \/>\n<meta property=\"og:image\" content=\"http:\/\/restaurant-lecluse.fr\/wp-content\/uploads\/2020\/02\/Restaurant-lecluse-terasse-groupe-1024x682.jpg\" \/>\n<meta name=\"twitter:card\" content=\"summary_large_image\" \/>\n<meta name=\"twitter:label1\" content=\"Dur\u00e9e de lecture estim\u00e9e\" \/>\n\t<meta name=\"twitter:data1\" content=\"2 minutes\" \/>\n<script type=\"application\/ld+json\" class=\"yoast-schema-graph\">{\"@context\":\"https:\/\/schema.org\",\"@graph\":[{\"@type\":\"WebPage\",\"@id\":\"https:\/\/restaurant-lecluse.fr\/index.php\/groupes-et-privatisation\/\",\"url\":\"https:\/\/restaurant-lecluse.fr\/index.php\/groupes-et-privatisation\/\",\"name\":\"GROUPES - Restaurant l&#039;Ecluse\",\"isPartOf\":{\"@id\":\"https:\/\/restaurant-lecluse.fr\/#website\"},\"primaryImageOfPage\":{\"@id\":\"https:\/\/restaurant-lecluse.fr\/index.php\/groupes-et-privatisation\/#primaryimage\"},\"image\":{\"@id\":\"https:\/\/restaurant-lecluse.fr\/index.php\/groupes-et-privatisation\/#primaryimage\"},\"thumbnailUrl\":\"http:\/\/restaurant-lecluse.fr\/wp-content\/uploads\/2020\/02\/Restaurant-lecluse-terasse-groupe-1024x682.jpg\",\"datePublished\":\"2019-05-07T18:45:53+00:00\",\"dateModified\":\"2025-02-01T19:59:04+00:00\",\"description\":\"Le restaurant propose des menus de groupes de 20 \u00e0 100 personnes. Menus personnalis\u00e9s. Privatisations et \u00e9venements.\",\"breadcrumb\":{\"@id\":\"https:\/\/restaurant-lecluse.fr\/index.php\/groupes-et-privatisation\/#breadcrumb\"},\"inLanguage\":\"fr-FR\",\"potentialAction\":[{\"@type\":\"ReadAction\",\"target\":[\"https:\/\/restaurant-lecluse.fr\/index.php\/groupes-et-privatisation\/\"]}]},{\"@type\":\"ImageObject\",\"inLanguage\":\"fr-FR\",\"@id\":\"https:\/\/restaurant-lecluse.fr\/index.php\/groupes-et-privatisation\/#primaryimage\",\"url\":\"http:\/\/restaurant-lecluse.fr\/wp-content\/uploads\/2020\/02\/Restaurant-lecluse-terasse-groupe-1024x682.jpg\",\"contentUrl\":\"http:\/\/restaurant-lecluse.fr\/wp-content\/uploads\/2020\/02\/Restaurant-lecluse-terasse-groupe-1024x682.jpg\"},{\"@type\":\"BreadcrumbList\",\"@id\":\"https:\/\/restaurant-lecluse.fr\/index.php\/groupes-et-privatisation\/#breadcrumb\",\"itemListElement\":[{\"@type\":\"ListItem\",\"position\":1,\"name\":\"Accueil\",\"item\":\"https:\/\/restaurant-lecluse.fr\/\"},{\"@type\":\"ListItem\",\"position\":2,\"name\":\"GROUPES\"}]},{\"@type\":\"WebSite\",\"@id\":\"https:\/\/restaurant-lecluse.fr\/#website\",\"url\":\"https:\/\/restaurant-lecluse.fr\/\",\"name\":\"Restaurant l&#039;Ecluse\",\"description\":\"Base de loisirs, Chanaz\",\"publisher\":{\"@id\":\"https:\/\/restaurant-lecluse.fr\/#organization\"},\"potentialAction\":[{\"@type\":\"SearchAction\",\"target\":{\"@type\":\"EntryPoint\",\"urlTemplate\":\"https:\/\/restaurant-lecluse.fr\/?s={search_term_string}\"},\"query-input\":\"required name=search_term_string\"}],\"inLanguage\":\"fr-FR\"},{\"@type\":\"Organization\",\"@id\":\"https:\/\/restaurant-lecluse.fr\/#organization\",\"name\":\"Restaurant l&#039;Ecluse\",\"url\":\"https:\/\/restaurant-lecluse.fr\/\",\"logo\":{\"@type\":\"ImageObject\",\"inLanguage\":\"fr-FR\",\"@id\":\"https:\/\/restaurant-lecluse.fr\/#\/schema\/logo\/image\/\",\"url\":\"https:\/\/restaurant-lecluse.fr\/wp-content\/uploads\/2023\/06\/cropped-Bar-Restaurant.png\",\"contentUrl\":\"https:\/\/restaurant-lecluse.fr\/wp-content\/uploads\/2023\/06\/cropped-Bar-Restaurant.png\",\"width\":500,\"height\":309,\"caption\":\"Restaurant l&#039;Ecluse\"},\"image\":{\"@id\":\"https:\/\/restaurant-lecluse.fr\/#\/schema\/logo\/image\/\"}}]}<\/script>\n<!-- \/ Yoast SEO plugin. -->","yoast_head_json":{"title":"GROUPES - Restaurant l&#039;Ecluse","description":"Le restaurant propose des menus de groupes de 20 \u00e0 100 personnes. Menus personnalis\u00e9s. Privatisations et \u00e9venements.","robots":{"index":"index","follow":"follow","max-snippet":"max-snippet:-1","max-image-preview":"max-image-preview:large","max-video-preview":"max-video-preview:-1"},"canonical":"https:\/\/restaurant-lecluse.fr\/index.php\/groupes-et-privatisation\/","og_locale":"fr_FR","og_type":"article","og_title":"GROUPES - Restaurant l&#039;Ecluse","og_description":"Le restaurant propose des menus de groupes de 20 \u00e0 100 personnes. Menus personnalis\u00e9s. Privatisations et \u00e9venements.","og_url":"https:\/\/restaurant-lecluse.fr\/index.php\/groupes-et-privatisation\/","og_site_name":"Restaurant l&#039;Ecluse","article_modified_time":"2025-02-01T19:59:04+00:00","og_image":[{"url":"http:\/\/restaurant-lecluse.fr\/wp-content\/uploads\/2020\/02\/Restaurant-lecluse-terasse-groupe-1024x682.jpg"}],"twitter_card":"summary_large_image","twitter_misc":{"Dur\u00e9e de lecture estim\u00e9e":"2 minutes"},"schema":{"@context":"https:\/\/schema.org","@graph":[{"@type":"WebPage","@id":"https:\/\/restaurant-lecluse.fr\/index.php\/groupes-et-privatisation\/","url":"https:\/\/restaurant-lecluse.fr\/index.php\/groupes-et-privatisation\/","name":"GROUPES - Restaurant l&#039;Ecluse","isPartOf":{"@id":"https:\/\/restaurant-lecluse.fr\/#website"},"primaryImageOfPage":{"@id":"https:\/\/restaurant-lecluse.fr\/index.php\/groupes-et-privatisation\/#primaryimage"},"image":{"@id":"https:\/\/restaurant-lecluse.fr\/index.php\/groupes-et-privatisation\/#primaryimage"},"thumbnailUrl":"http:\/\/restaurant-lecluse.fr\/wp-content\/uploads\/2020\/02\/Restaurant-lecluse-terasse-groupe-1024x682.jpg","datePublished":"2019-05-07T18:45:53+00:00","dateModified":"2025-02-01T19:59:04+00:00","description":"Le restaurant propose des menus de groupes de 20 \u00e0 100 personnes. Menus personnalis\u00e9s. Privatisations et \u00e9venements.","breadcrumb":{"@id":"https:\/\/restaurant-lecluse.fr\/index.php\/groupes-et-privatisation\/#breadcrumb"},"inLanguage":"fr-FR","potentialAction":[{"@type":"ReadAction","target":["https:\/\/restaurant-lecluse.fr\/index.php\/groupes-et-privatisation\/"]}]},{"@type":"ImageObject","inLanguage":"fr-FR","@id":"https:\/\/restaurant-lecluse.fr\/index.php\/groupes-et-privatisation\/#primaryimage","url":"http:\/\/restaurant-lecluse.fr\/wp-content\/uploads\/2020\/02\/Restaurant-lecluse-terasse-groupe-1024x682.jpg","contentUrl":"http:\/\/restaurant-lecluse.fr\/wp-content\/uploads\/2020\/02\/Restaurant-lecluse-terasse-groupe-1024x682.jpg"},{"@type":"BreadcrumbList","@id":"https:\/\/restaurant-lecluse.fr\/index.php\/groupes-et-privatisation\/#breadcrumb","itemListElement":[{"@type":"ListItem","position":1,"name":"Accueil","item":"https:\/\/restaurant-lecluse.fr\/"},{"@type":"ListItem","position":2,"name":"GROUPES"}]},{"@type":"WebSite","@id":"https:\/\/restaurant-lecluse.fr\/#website","url":"https:\/\/restaurant-lecluse.fr\/","name":"Restaurant l&#039;Ecluse","description":"Base de loisirs, Chanaz","publisher":{"@id":"https:\/\/restaurant-lecluse.fr\/#organization"},"potentialAction":[{"@type":"SearchAction","target":{"@type":"EntryPoint","urlTemplate":"https:\/\/restaurant-lecluse.fr\/?s={search_term_string}"},"query-input":"required name=search_term_string"}],"inLanguage":"fr-FR"},{"@type":"Organization","@id":"https:\/\/restaurant-lecluse.fr\/#organization","name":"Restaurant l&#039;Ecluse","url":"https:\/\/restaurant-lecluse.fr\/","logo":{"@type":"ImageObject","inLanguage":"fr-FR","@id":"https:\/\/restaurant-lecluse.fr\/#\/schema\/logo\/image\/","url":"https:\/\/restaurant-lecluse.fr\/wp-content\/uploads\/2023\/06\/cropped-Bar-Restaurant.png","contentUrl":"https:\/\/restaurant-lecluse.fr\/wp-content\/uploads\/2023\/06\/cropped-Bar-Restaurant.png","width":500,"height":309,"caption":"Restaurant l&#039;Ecluse"},"image":{"@id":"https:\/\/restaurant-lecluse.fr\/#\/schema\/logo\/image\/"}}]}},"_links":{"self":[{"href":"https:\/\/restaurant-lecluse.fr\/index.php\/wp-json\/wp\/v2\/pages\/48","targetHints":{"allow":["GET"]}}],"collection":[{"href":"https:\/\/restaurant-lecluse.fr\/index.php\/wp-json\/wp\/v2\/pages"}],"about":[{"href":"https:\/\/restaurant-lecluse.fr\/index.php\/wp-json\/wp\/v2\/types\/page"}],"author":[{"embeddable":true,"href":"https:\/\/restaurant-lecluse.fr\/index.php\/wp-json\/wp\/v2\/users\/1"}],"replies":[{"embeddable":true,"href":"https:\/\/restaurant-lecluse.fr\/index.php\/wp-json\/wp\/v2\/comments?post=48"}],"version-history":[{"count":28,"href":"https:\/\/restaurant-lecluse.fr\/index.php\/wp-json\/wp\/v2\/pages\/48\/revisions"}],"predecessor-version":[{"id":2604,"href":"https:\/\/restaurant-lecluse.fr\/index.php\/wp-json\/wp\/v2\/pages\/48\/revisions\/2604"}],"wp:attachment":[{"href":"https:\/\/restaurant-lecluse.fr\/index.php\/wp-json\/wp\/v2\/media?parent=48"}],"curies":[{"name":"wp","href":"https:\/\/api.w.org\/{rel}","templated":true}]}}